{"id":63,"date":"2017-10-10T06:48:53","date_gmt":"2017-10-10T06:48:53","guid":{"rendered":"https:\/\/www.sprottenschule.de\/?page_id=63"},"modified":"2022-09-28T06:15:28","modified_gmt":"2022-09-28T06:15:28","slug":"schulverein","status":"publish","type":"page","link":"https:\/\/www.sprottenschule.de\/?page_id=63","title":{"rendered":"Schulverein der Sprottenschule Eckernf\u00f6rde e.V."},"content":{"rendered":"<h2>Unsere Aufgaben<\/h2>\n<p>Was machen wir als Schulverein?<\/p>\n<ul>\n<li>Wir besorgen Spiel- und Sportger\u00e4te f\u00fcr die Schulkinder<\/li>\n<li>Wir kaufen Musikinstrumente und \u00fcbernehmen deren Instandhaltung<\/li>\n<li>Wir finanzieren unterrichtsbegleitendes Lernmaterial f\u00fcr die Sch\u00fcler<\/li>\n<li>Wir unterst\u00fctzen kulturelle Veranstaltungen wie zum Beispiel das Weihnachtsm\u00e4rchen und die Theaterauff\u00fchrungen der Kinder<\/li>\n<li>Wir finanzieren Anschaffungen, die durch den Schultr\u00e4ger leider nicht finanziert werden k\u00f6nnen<\/li>\n<li>Wir \u00fcbernehmen anteilig Kosten von Klassenfahrten<\/li>\n<li>Nat\u00fcrlich sind wir bei Veranstaltungen auch tatkr\u00e4ftig vor Ort und unterst\u00fctzen die Eltern, Lehrer und Sch\u00fcler bei zahlreichen Aktionen<\/li>\n<\/ul>\n<h2>Unsere Aktionen<\/h2>\n<p>Als Schulverein organisieren wir folgende Veranstaltungen:<\/p>\n<ul>\n<li>Das Einschulungs-Caf\u00e9<\/li>\n<li>Die Cafeteria der Projekttage<\/li>\n<li>Den Flohmarkt<\/li>\n<li>Das Schulfest<\/li>\n<\/ul>\n<p>Wenn Sie Lust haben bei einer dieser Aktionen dabei zu sein, schicken Sie uns bitte eine E-Mail an <a href=\"mailto:svsprottenschule@gmx.de\">svsprottenschule@gmx.de<\/a>.<\/p>\n<h2 class=\"p1\">Unterst\u00fctzung<\/h2>\n<p class=\"p2\">So unterst\u00fctzen Sie uns und die Schulkinder der Sprottenschule:<\/p>\n<h3><span class=\"s1\">Jetzt Mitglied werden<\/span><\/h3>\n<p class=\"p2\">Werden Sie Mitglied im Schulverein: F\u00fcllen Sie einfach <a href=\"https:\/\/www.sprottenschule.de\/wp-content\/uploads\/2019\/11\/BeitrttserklaerungSchulvereinLastschrift.pdf\">dieses Anmeldeformular<\/a> aus und schicken Sie es an <a href=\"mailto:svsprottenschule@gmx.de\"><span class=\"s2\"><b>svsprottenschule@gmx.de<\/b><\/span><\/a>. Nat\u00fcrlich k\u00f6nnen Sie das Formular auch im Sekretariat der Schule abgeben.<\/p>\n<h3 class=\"p3\"><span class=\"s1\">Bei Aktionen dabei sein<\/span><\/h3>\n<p class=\"p2\">Jedes Jahr finden zahlreiche Aktionen f\u00fcr unsere Schulkinder statt. F\u00fcr die Planung und Durchf\u00fchrung brauchen wir Ihre tatkr\u00e4ftige Unterst\u00fctzung. Einige unserer Aktionen stellen wir Ihnen auf der R\u00fcckseite vor.<\/p>\n<h3>T-Shirts und Hoodies bestellen<\/h3>\n<p>Das Bestellformular f\u00fcr T-Shirts und Hoodies mit dem Namen des Kindes und dem Logo der Sprottenschule k\u00f6nnen Sie <a href=\"https:\/\/www.sprottenschule.de\/wp-content\/uploads\/2019\/11\/BestellzettelT-ShirtsHoodies.pdf\">hier<\/a> herunterladen.<\/p>\n<h3 class=\"p3\"><span class=\"s1\">Bringen Sie sich ein<\/span><\/h3>\n<p class=\"p2\">Ein Verein lebt von den Mitgliedern und vom Ehrenamt. Wir suchen jederzeit flei\u00dfige Helfer mit guten Ideen und dem Willen, unseren Kindern die Schulzeit noch bunter zu gestalten.<\/p>\n<h3 class=\"p3\"><span class=\"s1\">Spenden Sie<\/span><\/h3>\n<p class=\"p2\">Neben tatkr\u00e4ftiger Unterst\u00fctzung ben\u00f6tigen wir auch Geld f\u00fcr unsere Aktionen und Unternehmungen.<\/p>\n<p>Bankverbindung des Schulvereins:<br \/>\nF\u00f6rde Sparkasse<br \/>\nIBAN: DE17 2105 0170 0000 1047 11<br \/>\nSWIFT-BIC: NOLADE21KIE<\/p>\n<p>Der Mitgliedsbeitrag betr\u00e4gt mindestens 7,00\u00a0Euro pro Jahr. Wir freuen uns nat\u00fcrlich sehr \u00fcber einen freiwillig h\u00f6heren Beitrag. Alle Beitr\u00e4ge und Spenden f\u00fcr den Schulverein sind selbstverst\u00e4ndlich steuerlich absetzbar.<\/p>\n<p>Die Satzung des Schulvereins k\u00f6nnen Sie <a href=\"https:\/\/www.sprottenschule.de\/wp-content\/uploads\/2017\/12\/SatzungSchulverein.pdf\" target=\"_blank\" rel=\"noopener noreferrer\">hier<\/a> herunterladen.<\/p>\n","protected":false},"excerpt":{"rendered":"<p>Unsere Aufgaben Was machen wir als Schulverein? Wir besorgen Spiel- und Sportger\u00e4te f\u00fcr die Schulkinder Wir kaufen Musikinstrumente und \u00fcbernehmen deren Instandhaltung Wir finanzieren unterrichtsbegleitendes Lernmaterial f\u00fcr die Sch\u00fcler Wir unterst\u00fctzen kulturelle Veranstaltungen wie zum Beispiel das Weihnachtsm\u00e4rchen und die Theaterauff\u00fchrungen der Kinder Wir finanzieren Anschaffungen, die durch den Schultr\u00e4ger leider nicht finanziert werden k\u00f6nnen [&hellip;]<\/p>\n","protected":false},"author":1,"featured_media":0,"parent":0,"menu_order":0,"comment_status":"closed","ping_status":"closed","template":"","meta":{"_et_pb_use_builder":"","_et_pb_old_content":"","_et_gb_content_width":""},"_links":{"self":[{"href":"https:\/\/www.sprottenschule.de\/index.php?rest_route=\/wp\/v2\/pages\/63"}],"collection":[{"href":"https:\/\/www.sprottenschule.de\/index.php?rest_route=\/wp\/v2\/pages"}],"about":[{"href":"https:\/\/www.sprottenschule.de\/index.php?rest_route=\/wp\/v2\/types\/page"}],"author":[{"embeddable":true,"href":"https:\/\/www.sprottenschule.de\/index.php?rest_route=\/wp\/v2\/users\/1"}],"replies":[{"embeddable":true,"href":"https:\/\/www.sprottenschule.de\/index.php?rest_route=%2Fwp%2Fv2%2Fcomments&post=63"}],"version-history":[{"count":9,"href":"https:\/\/www.sprottenschule.de\/index.php?rest_route=\/wp\/v2\/pages\/63\/revisions"}],"predecessor-version":[{"id":1170,"href":"https:\/\/www.sprottenschule.de\/index.php?rest_route=\/wp\/v2\/pages\/63\/revisions\/1170"}],"wp:attachment":[{"href":"https:\/\/www.sprottenschule.de\/index.php?rest_route=%2Fwp%2Fv2%2Fmedia&parent=63"}],"curies":[{"name":"wp","href":"https:\/\/api.w.org\/{rel}","templated":true}]}}