{"id":1831,"date":"2020-12-16T19:48:27","date_gmt":"2020-12-16T19:48:27","guid":{"rendered":"https:\/\/www.sprottenschule.de\/?page_id=1831"},"modified":"2022-09-28T06:15:28","modified_gmt":"2022-09-28T06:15:28","slug":"schulsozialarbeit","status":"publish","type":"page","link":"https:\/\/www.sprottenschule.de\/?page_id=1831","title":{"rendered":"Schulsozialarbeit"},"content":{"rendered":"\n<p style=\"font-size:17px\" class=\"has-text-color has-text-align-center has-vivid-cyan-blue-color\"><strong>Hallo liebe Sprottenkinder und Eltern, die Schulsozialarbeit ist auch digital f\u00fcr Euch da! Hier erhaltet ihr regelm\u00e4\u00dfig Informationen und Hilfsangebote unserer Sprotten-Schulsozialarbeiterinnen.<\/strong><\/p>\n\n\n<a href=\"https:\/\/www.sprottenschule.de\/wp-content\/uploads\/2022\/03\/Info_SchuSo_Schulanfang.pdf\" class=\"pdfemb-viewer\" style=\"\" data-width=\"max\" data-height=\"max\"  data-toolbar=\"bottom\" data-toolbar-fixed=\"off\">Info_SchuSo_Schulanfang<br\/><\/a>\n<p class=\"wp-block-pdfemb-pdf-embedder-viewer\"><\/p>\n\n\n<a href=\"https:\/\/www.sprottenschule.de\/wp-content\/uploads\/2022\/03\/Kontaktdaten.pdf\" class=\"pdfemb-viewer\" style=\"\" data-width=\"max\" data-height=\"max\"  data-toolbar=\"bottom\" data-toolbar-fixed=\"off\">Kontaktdaten<br\/><\/a>\n<p class=\"wp-block-pdfemb-pdf-embedder-viewer\"><\/p>\n","protected":false},"excerpt":{"rendered":"<p>Hallo liebe Sprottenkinder und Eltern, die Schulsozialarbeit ist auch digital f\u00fcr Euch da! Hier erhaltet ihr regelm\u00e4\u00dfig Informationen und Hilfsangebote unserer Sprotten-Schulsozialarbeiterinnen.<\/p>\n","protected":false},"author":1,"featured_media":0,"parent":0,"menu_order":0,"comment_status":"closed","ping_status":"closed","template":"","meta":{"_et_pb_use_builder":"off","_et_pb_old_content":"","_et_gb_content_width":""},"_links":{"self":[{"href":"https:\/\/www.sprottenschule.de\/index.php?rest_route=\/wp\/v2\/pages\/1831"}],"collection":[{"href":"https:\/\/www.sprottenschule.de\/index.php?rest_route=\/wp\/v2\/pages"}],"about":[{"href":"https:\/\/www.sprottenschule.de\/index.php?rest_route=\/wp\/v2\/types\/page"}],"author":[{"embeddable":true,"href":"https:\/\/www.sprottenschule.de\/index.php?rest_route=\/wp\/v2\/users\/1"}],"replies":[{"embeddable":true,"href":"https:\/\/www.sprottenschule.de\/index.php?rest_route=%2Fwp%2Fv2%2Fcomments&post=1831"}],"version-history":[{"count":3,"href":"https:\/\/www.sprottenschule.de\/index.php?rest_route=\/wp\/v2\/pages\/1831\/revisions"}],"predecessor-version":[{"id":2074,"href":"https:\/\/www.sprottenschule.de\/index.php?rest_route=\/wp\/v2\/pages\/1831\/revisions\/2074"}],"wp:attachment":[{"href":"https:\/\/www.sprottenschule.de\/index.php?rest_route=%2Fwp%2Fv2%2Fmedia&parent=1831"}],"curies":[{"name":"wp","href":"https:\/\/api.w.org\/{rel}","templated":true}]}}